{"id":375,"date":"2021-08-30T12:16:31","date_gmt":"2021-08-30T10:16:31","guid":{"rendered":"https:\/\/fullgroove-live.com\/?page_id=375"},"modified":"2021-09-10T14:21:49","modified_gmt":"2021-09-10T12:21:49","slug":"mentions-legales","status":"publish","type":"page","link":"https:\/\/fullgroove-live.com\/index.php\/mentions-legales\/","title":{"rendered":"Mentions l\u00e9gales"},"content":{"rendered":"\n<h3>MENTIONS L\u00c9GALES<\/h3>\n\n\n\n<p>L&rsquo;association a pour buts l\u2019administration et la gestion du groupe musical FULL GROOVE, la production d\u2019oeuvres musicales du groupe FULL GROOVE, et l\u2019organisation d\u2019\u00e9v\u00e9nements musicaux (concerts).<\/p>\n\n\n\n<h4>D\u00e9nomination de l&rsquo;association<\/h4>\n\n\n\n<h5>FULL GROOVE<\/h5>\n\n\n\n<p>Association loi 1901<\/p>\n\n\n\n<p>Date de d\u00e9claration au Journal Officiel : 30 Juin 2014<\/p>\n\n\n\n<p>Date de publication au Journal Officiel : 26 juillet 2014<\/p>\n\n\n\n<p>Pr\u00e9sident : Olivier Dunand<\/p>\n\n\n\n<p>Tr\u00e9sorier : David Labadie<\/p>\n\n\n\n<h4>Adresse du si\u00e8ge social<\/h4>\n\n\n\n<p>705, rue de la Vosognette<\/p>\n\n\n\n<p>74520 Valleiry<\/p>\n\n\n\n<p>T\u00e9l\u00e9phone : +33 6 83 25 47 55<\/p>\n\n\n\n<h4>Directeur de la publication<\/h4>\n\n\n\n<p>David Labadie<\/p>\n\n\n\n<h4>Soci\u00e9t\u00e9 h\u00e9bergeur du site web<\/h4>\n\n\n\n<p>Le site web Full Groove est h\u00e9berg\u00e9 par la soci\u00e9t\u00e9&nbsp;<a href=\"http:\/\/www.ovh.com\/\" target=\"_blank\" rel=\"noreferrer noopener\">OVH<\/a>.<br>Coordonn\u00e9es : OVH &#8211; 2 rue Kellermann &#8211; 59100 Roubaix &#8211; France.<\/p>\n","protected":false},"excerpt":{"rendered":"<p>MENTIONS L\u00c9GALES L&rsquo;association a pour buts l\u2019administration et la gestion du groupe musical FULL GROOVE, la production d\u2019oeuvres musicales du groupe FULL GROOVE, et l\u2019organisation d\u2019\u00e9v\u00e9nements musicaux (concerts). D\u00e9nomination de l&rsquo;association FULL GROOVE Association loi 1901 Date de d\u00e9claration au Journal Officiel : 30 Juin 2014 Date de publication au Journal Officiel : 26 juillet<\/p>\n","protected":false},"author":1,"featured_media":0,"parent":0,"menu_order":0,"comment_status":"closed","ping_status":"closed","template":"","meta":[],"yoast_head":"<!-- This site is optimized with the Yoast SEO plugin v16.8 - https:\/\/yoast.com\/wordpress\/plugins\/seo\/ -->\n<title>Mentions l\u00e9gales - Association Full Groove<\/title>\n<meta name=\"robots\" content=\"index, follow, max-snippet:-1, max-image-preview:large, max-video-preview:-1\" \/>\n<link rel=\"canonical\" href=\"https:\/\/fullgroove-live.com\/index.php\/mentions-legales\/\" \/>\n<meta property=\"og:locale\" content=\"fr_FR\" \/>\n<meta property=\"og:type\" content=\"article\" \/>\n<meta property=\"og:title\" content=\"Mentions l\u00e9gales - Association Full Groove\" \/>\n<meta property=\"og:description\" content=\"MENTIONS L\u00c9GALES L&rsquo;association a pour buts l\u2019administration et la gestion du groupe musical FULL GROOVE, la production d\u2019oeuvres musicales du groupe FULL GROOVE, et l\u2019organisation d\u2019\u00e9v\u00e9nements musicaux (concerts). D\u00e9nomination de l&rsquo;association FULL GROOVE Association loi 1901 Date de d\u00e9claration au Journal Officiel : 30 Juin 2014 Date de publication au Journal Officiel : 26 juillet\" \/>\n<meta property=\"og:url\" content=\"https:\/\/fullgroove-live.com\/index.php\/mentions-legales\/\" \/>\n<meta property=\"og:site_name\" content=\"Association Full Groove\" \/>\n<meta property=\"article:modified_time\" content=\"2021-09-10T12:21:49+00:00\" \/>\n<meta name=\"twitter:card\" content=\"summary_large_image\" \/>\n<meta name=\"twitter:label1\" content=\"Dur\u00e9e de lecture est.\" \/>\n\t<meta name=\"twitter:data1\" content=\"1 minute\" \/>\n<script type=\"application\/ld+json\" class=\"yoast-schema-graph\">{\"@context\":\"https:\/\/schema.org\",\"@graph\":[{\"@type\":\"WebSite\",\"@id\":\"https:\/\/fullgroove-live.com\/#website\",\"url\":\"https:\/\/fullgroove-live.com\/\",\"name\":\"Association Full Groove\",\"description\":\"\",\"potentialAction\":[{\"@type\":\"SearchAction\",\"target\":{\"@type\":\"EntryPoint\",\"urlTemplate\":\"https:\/\/fullgroove-live.com\/?s={search_term_string}\"},\"query-input\":\"required name=search_term_string\"}],\"inLanguage\":\"fr-FR\"},{\"@type\":\"WebPage\",\"@id\":\"https:\/\/fullgroove-live.com\/index.php\/mentions-legales\/#webpage\",\"url\":\"https:\/\/fullgroove-live.com\/index.php\/mentions-legales\/\",\"name\":\"Mentions l\\u00e9gales - Association Full Groove\",\"isPartOf\":{\"@id\":\"https:\/\/fullgroove-live.com\/#website\"},\"datePublished\":\"2021-08-30T10:16:31+00:00\",\"dateModified\":\"2021-09-10T12:21:49+00:00\",\"breadcrumb\":{\"@id\":\"https:\/\/fullgroove-live.com\/index.php\/mentions-legales\/#breadcrumb\"},\"inLanguage\":\"fr-FR\",\"potentialAction\":[{\"@type\":\"ReadAction\",\"target\":[\"https:\/\/fullgroove-live.com\/index.php\/mentions-legales\/\"]}]},{\"@type\":\"BreadcrumbList\",\"@id\":\"https:\/\/fullgroove-live.com\/index.php\/mentions-legales\/#breadcrumb\",\"itemListElement\":[{\"@type\":\"ListItem\",\"position\":1,\"name\":\"Accueil\",\"item\":\"https:\/\/fullgroove-live.com\/\"},{\"@type\":\"ListItem\",\"position\":2,\"name\":\"Mentions l\\u00e9gales\"}]}]}<\/script>\n<!-- \/ Yoast SEO plugin. -->","yoast_head_json":{"title":"Mentions l\u00e9gales - Association Full Groove","robots":{"index":"index","follow":"follow","max-snippet":"max-snippet:-1","max-image-preview":"max-image-preview:large","max-video-preview":"max-video-preview:-1"},"canonical":"https:\/\/fullgroove-live.com\/index.php\/mentions-legales\/","og_locale":"fr_FR","og_type":"article","og_title":"Mentions l\u00e9gales - Association Full Groove","og_description":"MENTIONS L\u00c9GALES L&rsquo;association a pour buts l\u2019administration et la gestion du groupe musical FULL GROOVE, la production d\u2019oeuvres musicales du groupe FULL GROOVE, et l\u2019organisation d\u2019\u00e9v\u00e9nements musicaux (concerts). D\u00e9nomination de l&rsquo;association FULL GROOVE Association loi 1901 Date de d\u00e9claration au Journal Officiel : 30 Juin 2014 Date de publication au Journal Officiel : 26 juillet","og_url":"https:\/\/fullgroove-live.com\/index.php\/mentions-legales\/","og_site_name":"Association Full Groove","article_modified_time":"2021-09-10T12:21:49+00:00","twitter_card":"summary_large_image","twitter_misc":{"Dur\u00e9e de lecture est.":"1 minute"},"schema":{"@context":"https:\/\/schema.org","@graph":[{"@type":"WebSite","@id":"https:\/\/fullgroove-live.com\/#website","url":"https:\/\/fullgroove-live.com\/","name":"Association Full Groove","description":"","potentialAction":[{"@type":"SearchAction","target":{"@type":"EntryPoint","urlTemplate":"https:\/\/fullgroove-live.com\/?s={search_term_string}"},"query-input":"required name=search_term_string"}],"inLanguage":"fr-FR"},{"@type":"WebPage","@id":"https:\/\/fullgroove-live.com\/index.php\/mentions-legales\/#webpage","url":"https:\/\/fullgroove-live.com\/index.php\/mentions-legales\/","name":"Mentions l\u00e9gales - Association Full Groove","isPartOf":{"@id":"https:\/\/fullgroove-live.com\/#website"},"datePublished":"2021-08-30T10:16:31+00:00","dateModified":"2021-09-10T12:21:49+00:00","breadcrumb":{"@id":"https:\/\/fullgroove-live.com\/index.php\/mentions-legales\/#breadcrumb"},"inLanguage":"fr-FR","potentialAction":[{"@type":"ReadAction","target":["https:\/\/fullgroove-live.com\/index.php\/mentions-legales\/"]}]},{"@type":"BreadcrumbList","@id":"https:\/\/fullgroove-live.com\/index.php\/mentions-legales\/#breadcrumb","itemListElement":[{"@type":"ListItem","position":1,"name":"Accueil","item":"https:\/\/fullgroove-live.com\/"},{"@type":"ListItem","position":2,"name":"Mentions l\u00e9gales"}]}]}},"_links":{"self":[{"href":"https:\/\/fullgroove-live.com\/index.php\/wp-json\/wp\/v2\/pages\/375"}],"collection":[{"href":"https:\/\/fullgroove-live.com\/index.php\/wp-json\/wp\/v2\/pages"}],"about":[{"href":"https:\/\/fullgroove-live.com\/index.php\/wp-json\/wp\/v2\/types\/page"}],"author":[{"embeddable":true,"href":"https:\/\/fullgroove-live.com\/index.php\/wp-json\/wp\/v2\/users\/1"}],"replies":[{"embeddable":true,"href":"https:\/\/fullgroove-live.com\/index.php\/wp-json\/wp\/v2\/comments?post=375"}],"version-history":[{"count":13,"href":"https:\/\/fullgroove-live.com\/index.php\/wp-json\/wp\/v2\/pages\/375\/revisions"}],"predecessor-version":[{"id":644,"href":"https:\/\/fullgroove-live.com\/index.php\/wp-json\/wp\/v2\/pages\/375\/revisions\/644"}],"wp:attachment":[{"href":"https:\/\/fullgroove-live.com\/index.php\/wp-json\/wp\/v2\/media?parent=375"}],"curies":[{"name":"wp","href":"https:\/\/api.w.org\/{rel}","templated":true}]}}