{"id":57,"date":"2021-08-02T15:32:01","date_gmt":"2021-08-02T13:32:01","guid":{"rendered":"http:\/\/fullgroove-live.com\/?page_id=57"},"modified":"2023-05-06T21:48:24","modified_gmt":"2023-05-06T19:48:24","slug":"black-or-white-experience","status":"publish","type":"page","link":"https:\/\/fullgroove-live.com\/index.php\/black-or-white-experience\/","title":{"rendered":"The Tribute Orchestra"},"content":{"rendered":"\n<div class=\"wp-block-columns\">\n<div class=\"wp-block-column\" style=\"flex-basis:100%\">\n<div class=\"wp-block-group alignwide\"><div class=\"wp-block-group__inner-container\"><\/div><\/div>\n<\/div>\n<\/div>\n\n\n\n<div class=\"wp-block-media-text alignwide is-stacked-on-mobile\" style=\"grid-template-columns:32% auto\"><figure class=\"wp-block-media-text__media\"><img loading=\"lazy\" width=\"665\" height=\"473\" src=\"https:\/\/fullgroove-live.com\/wp-content\/uploads\/2021\/09\/Logo2-small.jpg\" alt=\"\" class=\"wp-image-859 size-full\" srcset=\"https:\/\/fullgroove-live.com\/wp-content\/uploads\/2021\/09\/Logo2-small.jpg 665w, https:\/\/fullgroove-live.com\/wp-content\/uploads\/2021\/09\/Logo2-small-300x213.jpg 300w\" sizes=\"(max-width: 665px) 100vw, 665px\" \/><\/figure><div class=\"wp-block-media-text__content\">\n<h1>Tribute to Michael Jackson<\/h1>\n\n\n\n<div style=\"height:40px\" aria-hidden=\"true\" class=\"wp-block-spacer\"><\/div>\n\n\n\n<p><em>Beat it<\/em>, <em>Thriller<\/em>, <em>Billie Jean<\/em>, <em>Bad<\/em>, <em>I want you back<\/em>, <em>Black or White<\/em>, chacun de ces titres vous aura certainement marqu\u00e9, le temps d\u2019un moment, d\u2019une danse ou encore d\u2019une \u00e9poque.<\/p>\n\n\n\n<p>Michael Jackson, ic\u00f4ne de la musique, a su rassembler plusieurs g\u00e9n\u00e9rations de fans et est devenu source d\u2019inspiration de tr\u00e8s nombreux artistes contemporains. Rihanna, Kanye West et bien d\u2019autres font encore aujourd\u2019hui raisonner les sonorit\u00e9s de l\u2019artiste. Symbole d\u2019engagements culturels, il f\u00fbt aussi en premi\u00e8re ligne de diff\u00e9rents combats comme la faim dans le monde \u2013 <em>We are the world<\/em>, ou encore la pr\u00e9servation de la plan\u00e8te \u2013 <em>Heal the world<\/em>.<\/p>\n<\/div><\/div>\n\n\n\n<div style=\"height:29px\" aria-hidden=\"true\" class=\"wp-block-spacer\"><\/div>\n\n\n<p><span style=\"color: #000000;\"><strong data-rich-text-format-boundary=\"true\">The Tribute Orchestra<\/strong> invite tous les publics, fans, passionn\u00e9s ou int\u00e9ress\u00e9s, \u00e0 vivre un moment privil\u00e9gi\u00e9 en hommage \u00e0 l\u2019\u0153uvre de Michael Jackson. Durant pr\u00e8s de 2 heures, 18 artistes musiciens, chanteurs et danseurs, vous replongent au c\u0153ur des ambiances qui ont fait le succ\u00e8s du roi de la pop.<\/span><\/p>\n\n\n<div style=\"height:38px\" aria-hidden=\"true\" class=\"wp-block-spacer\"><\/div>\n\n\n\n<div class=\"wp-block-columns\">\n<div class=\"wp-block-column\" style=\"flex-basis:50%\">\n<figure class=\"wp-block-embed is-type-video is-provider-youtube wp-block-embed-youtube wp-embed-aspect-16-9 wp-has-aspect-ratio\"><div class=\"wp-block-embed__wrapper\">\n<iframe loading=\"lazy\" title=\"The Tribute Orchestra - Black or White Experience Show - Teaser\" width=\"640\" height=\"360\" src=\"https:\/\/www.youtube.com\/embed\/ztIFVWpL0mw?feature=oembed\" frameborder=\"0\" allow=\"accelerometer; autoplay; clipboard-write; encrypted-media; gyroscope; picture-in-picture; web-share\" allowfullscreen><\/iframe>\n<\/div><\/figure>\n<\/div>\n\n\n\n<div class=\"wp-block-column\" style=\"flex-basis:50%\">\n<figure class=\"wp-block-embed is-type-video is-provider-youtube wp-block-embed-youtube wp-embed-aspect-16-9 wp-has-aspect-ratio\"><div class=\"wp-block-embed__wrapper\">\n<iframe loading=\"lazy\" title=\"Heal The World \u2022 Michael Jackson cover by The Tribute Orchestra\" width=\"640\" height=\"360\" src=\"https:\/\/www.youtube.com\/embed\/A4xwfJpv2Ak?feature=oembed\" frameborder=\"0\" allow=\"accelerometer; autoplay; clipboard-write; encrypted-media; gyroscope; picture-in-picture; web-share\" allowfullscreen><\/iframe>\n<\/div><\/figure>\n<\/div>\n<\/div>\n\n\n\n<div class=\"wp-block-columns\">\n<div class=\"wp-block-column\" style=\"flex-basis:50%\">\n<figure class=\"wp-block-embed is-type-video is-provider-youtube wp-block-embed-youtube wp-embed-aspect-16-9 wp-has-aspect-ratio\"><div class=\"wp-block-embed__wrapper\">\n<iframe loading=\"lazy\" title=\"M. Jackson Cover \u2022 Acoustic Medley by The Tribute Orchestra (The way you \/ Rock with you \/ PYT)\" width=\"640\" height=\"360\" src=\"https:\/\/www.youtube.com\/embed\/WhR-GirwEDA?feature=oembed\" frameborder=\"0\" allow=\"accelerometer; autoplay; clipboard-write; encrypted-media; gyroscope; picture-in-picture; web-share\" allowfullscreen><\/iframe>\n<\/div><\/figure>\n<\/div>\n\n\n\n<div class=\"wp-block-column\" style=\"flex-basis:50%\"><\/div>\n<\/div>\n\n\n\n<p><\/p>\n\n\n\n<div style=\"height:38px\" aria-hidden=\"true\" class=\"wp-block-spacer\"><\/div>\n\n\n\n<hr class=\"wp-block-separator\"\/>\n\n\n\n<div class=\"wp-block-image\"><figure class=\"alignright size-large is-resized\"><a href=\"https:\/\/www.facebook.com\/thetributeorchestra\/\" target=\"_blank\" rel=\"noopener\"><img loading=\"lazy\" src=\"https:\/\/fullgroove-live.com\/wp-content\/uploads\/2021\/08\/facebook-770688_1280-1024x1024.png\" alt=\"\" class=\"wp-image-256\" width=\"42\" height=\"42\" srcset=\"https:\/\/fullgroove-live.com\/wp-content\/uploads\/2021\/08\/facebook-770688_1280-1024x1024.png 1024w, https:\/\/fullgroove-live.com\/wp-content\/uploads\/2021\/08\/facebook-770688_1280-300x300.png 300w, https:\/\/fullgroove-live.com\/wp-content\/uploads\/2021\/08\/facebook-770688_1280-150x150.png 150w, https:\/\/fullgroove-live.com\/wp-content\/uploads\/2021\/08\/facebook-770688_1280-768x768.png 768w, https:\/\/fullgroove-live.com\/wp-content\/uploads\/2021\/08\/facebook-770688_1280.png 1280w\" sizes=\"(max-width: 42px) 100vw, 42px\" \/><\/a><\/figure><\/div>\n\n\n\n<h2 class=\"has-text-align-center\">Contactez-nous : C&rsquo;est par <em><a href=\"https:\/\/fullgroove-live.com\/index.php\/contact\/\">ici<\/a> <\/em>!<\/h2>\n\n\n\n<p><\/p>\n","protected":false},"excerpt":{"rendered":"<p>The Tribute Orchestra invite tous les publics, fans, passionn\u00e9s ou int\u00e9ress\u00e9s, \u00e0 vivre un moment privil\u00e9gi\u00e9 en hommage \u00e0 l\u2019\u0153uvre de Michael Jackson. Durant pr\u00e8s de 2 heures, 18 artistes musiciens, chanteurs et danseurs, vous replongent au c\u0153ur des ambiances qui ont fait le succ\u00e8s du roi de la pop. Contactez-nous : C&rsquo;est par ici<\/p>\n","protected":false},"author":1,"featured_media":867,"parent":0,"menu_order":0,"comment_status":"closed","ping_status":"closed","template":"","meta":[],"yoast_head":"<!-- This site is optimized with the Yoast SEO plugin v16.8 - https:\/\/yoast.com\/wordpress\/plugins\/seo\/ -->\n<title>The Tribute Orchestra - Association Full Groove<\/title>\n<meta name=\"robots\" content=\"index, follow, max-snippet:-1, max-image-preview:large, max-video-preview:-1\" \/>\n<link rel=\"canonical\" href=\"https:\/\/fullgroove-live.com\/index.php\/black-or-white-experience\/\" \/>\n<meta property=\"og:locale\" content=\"fr_FR\" \/>\n<meta property=\"og:type\" content=\"article\" \/>\n<meta property=\"og:title\" content=\"The Tribute Orchestra - Association Full Groove\" \/>\n<meta property=\"og:description\" content=\"The Tribute Orchestra invite tous les publics, fans, passionn\u00e9s ou int\u00e9ress\u00e9s, \u00e0 vivre un moment privil\u00e9gi\u00e9 en hommage \u00e0 l\u2019\u0153uvre de Michael Jackson. Durant pr\u00e8s de 2 heures, 18 artistes musiciens, chanteurs et danseurs, vous replongent au c\u0153ur des ambiances qui ont fait le succ\u00e8s du roi de la pop. Contactez-nous : C&rsquo;est par ici\" \/>\n<meta property=\"og:url\" content=\"https:\/\/fullgroove-live.com\/index.php\/black-or-white-experience\/\" \/>\n<meta property=\"og:site_name\" content=\"Association Full Groove\" \/>\n<meta property=\"article:modified_time\" content=\"2023-05-06T19:48:24+00:00\" \/>\n<meta property=\"og:image\" content=\"https:\/\/fullgroove-live.com\/wp-content\/uploads\/2021\/09\/Logo-MJ-TOTAL-NOIR-small1.jpg\" \/>\n\t<meta property=\"og:image:width\" content=\"1597\" \/>\n\t<meta property=\"og:image:height\" content=\"903\" \/>\n<meta name=\"twitter:card\" content=\"summary_large_image\" \/>\n<meta name=\"twitter:label1\" content=\"Dur\u00e9e de lecture est.\" \/>\n\t<meta name=\"twitter:data1\" content=\"2 minutes\" \/>\n<script type=\"application\/ld+json\" class=\"yoast-schema-graph\">{\"@context\":\"https:\/\/schema.org\",\"@graph\":[{\"@type\":\"WebSite\",\"@id\":\"https:\/\/fullgroove-live.com\/#website\",\"url\":\"https:\/\/fullgroove-live.com\/\",\"name\":\"Association Full Groove\",\"description\":\"\",\"potentialAction\":[{\"@type\":\"SearchAction\",\"target\":{\"@type\":\"EntryPoint\",\"urlTemplate\":\"https:\/\/fullgroove-live.com\/?s={search_term_string}\"},\"query-input\":\"required name=search_term_string\"}],\"inLanguage\":\"fr-FR\"},{\"@type\":\"ImageObject\",\"@id\":\"https:\/\/fullgroove-live.com\/index.php\/black-or-white-experience\/#primaryimage\",\"inLanguage\":\"fr-FR\",\"url\":\"https:\/\/fullgroove-live.com\/wp-content\/uploads\/2021\/09\/Logo-MJ-TOTAL-NOIR-small1.jpg\",\"contentUrl\":\"https:\/\/fullgroove-live.com\/wp-content\/uploads\/2021\/09\/Logo-MJ-TOTAL-NOIR-small1.jpg\",\"width\":1597,\"height\":903},{\"@type\":\"WebPage\",\"@id\":\"https:\/\/fullgroove-live.com\/index.php\/black-or-white-experience\/#webpage\",\"url\":\"https:\/\/fullgroove-live.com\/index.php\/black-or-white-experience\/\",\"name\":\"The Tribute Orchestra - Association Full Groove\",\"isPartOf\":{\"@id\":\"https:\/\/fullgroove-live.com\/#website\"},\"primaryImageOfPage\":{\"@id\":\"https:\/\/fullgroove-live.com\/index.php\/black-or-white-experience\/#primaryimage\"},\"datePublished\":\"2021-08-02T13:32:01+00:00\",\"dateModified\":\"2023-05-06T19:48:24+00:00\",\"breadcrumb\":{\"@id\":\"https:\/\/fullgroove-live.com\/index.php\/black-or-white-experience\/#breadcrumb\"},\"inLanguage\":\"fr-FR\",\"potentialAction\":[{\"@type\":\"ReadAction\",\"target\":[\"https:\/\/fullgroove-live.com\/index.php\/black-or-white-experience\/\"]}]},{\"@type\":\"BreadcrumbList\",\"@id\":\"https:\/\/fullgroove-live.com\/index.php\/black-or-white-experience\/#breadcrumb\",\"itemListElement\":[{\"@type\":\"ListItem\",\"position\":1,\"name\":\"Accueil\",\"item\":\"https:\/\/fullgroove-live.com\/\"},{\"@type\":\"ListItem\",\"position\":2,\"name\":\"The Tribute Orchestra\"}]}]}<\/script>\n<!-- \/ Yoast SEO plugin. -->","yoast_head_json":{"title":"The Tribute Orchestra - Association Full Groove","robots":{"index":"index","follow":"follow","max-snippet":"max-snippet:-1","max-image-preview":"max-image-preview:large","max-video-preview":"max-video-preview:-1"},"canonical":"https:\/\/fullgroove-live.com\/index.php\/black-or-white-experience\/","og_locale":"fr_FR","og_type":"article","og_title":"The Tribute Orchestra - Association Full Groove","og_description":"The Tribute Orchestra invite tous les publics, fans, passionn\u00e9s ou int\u00e9ress\u00e9s, \u00e0 vivre un moment privil\u00e9gi\u00e9 en hommage \u00e0 l\u2019\u0153uvre de Michael Jackson. Durant pr\u00e8s de 2 heures, 18 artistes musiciens, chanteurs et danseurs, vous replongent au c\u0153ur des ambiances qui ont fait le succ\u00e8s du roi de la pop. Contactez-nous : C&rsquo;est par ici","og_url":"https:\/\/fullgroove-live.com\/index.php\/black-or-white-experience\/","og_site_name":"Association Full Groove","article_modified_time":"2023-05-06T19:48:24+00:00","og_image":[{"width":1597,"height":903,"url":"https:\/\/fullgroove-live.com\/wp-content\/uploads\/2021\/09\/Logo-MJ-TOTAL-NOIR-small1.jpg","path":"\/home\/fullgrq\/www\/wp-content\/uploads\/2021\/09\/Logo-MJ-TOTAL-NOIR-small1.jpg","size":"full","id":867,"alt":"","pixels":1442091,"type":"image\/jpeg"}],"twitter_card":"summary_large_image","twitter_misc":{"Dur\u00e9e de lecture est.":"2 minutes"},"schema":{"@context":"https:\/\/schema.org","@graph":[{"@type":"WebSite","@id":"https:\/\/fullgroove-live.com\/#website","url":"https:\/\/fullgroove-live.com\/","name":"Association Full Groove","description":"","potentialAction":[{"@type":"SearchAction","target":{"@type":"EntryPoint","urlTemplate":"https:\/\/fullgroove-live.com\/?s={search_term_string}"},"query-input":"required name=search_term_string"}],"inLanguage":"fr-FR"},{"@type":"ImageObject","@id":"https:\/\/fullgroove-live.com\/index.php\/black-or-white-experience\/#primaryimage","inLanguage":"fr-FR","url":"https:\/\/fullgroove-live.com\/wp-content\/uploads\/2021\/09\/Logo-MJ-TOTAL-NOIR-small1.jpg","contentUrl":"https:\/\/fullgroove-live.com\/wp-content\/uploads\/2021\/09\/Logo-MJ-TOTAL-NOIR-small1.jpg","width":1597,"height":903},{"@type":"WebPage","@id":"https:\/\/fullgroove-live.com\/index.php\/black-or-white-experience\/#webpage","url":"https:\/\/fullgroove-live.com\/index.php\/black-or-white-experience\/","name":"The Tribute Orchestra - Association Full Groove","isPartOf":{"@id":"https:\/\/fullgroove-live.com\/#website"},"primaryImageOfPage":{"@id":"https:\/\/fullgroove-live.com\/index.php\/black-or-white-experience\/#primaryimage"},"datePublished":"2021-08-02T13:32:01+00:00","dateModified":"2023-05-06T19:48:24+00:00","breadcrumb":{"@id":"https:\/\/fullgroove-live.com\/index.php\/black-or-white-experience\/#breadcrumb"},"inLanguage":"fr-FR","potentialAction":[{"@type":"ReadAction","target":["https:\/\/fullgroove-live.com\/index.php\/black-or-white-experience\/"]}]},{"@type":"BreadcrumbList","@id":"https:\/\/fullgroove-live.com\/index.php\/black-or-white-experience\/#breadcrumb","itemListElement":[{"@type":"ListItem","position":1,"name":"Accueil","item":"https:\/\/fullgroove-live.com\/"},{"@type":"ListItem","position":2,"name":"The Tribute Orchestra"}]}]}},"_links":{"self":[{"href":"https:\/\/fullgroove-live.com\/index.php\/wp-json\/wp\/v2\/pages\/57"}],"collection":[{"href":"https:\/\/fullgroove-live.com\/index.php\/wp-json\/wp\/v2\/pages"}],"about":[{"href":"https:\/\/fullgroove-live.com\/index.php\/wp-json\/wp\/v2\/types\/page"}],"author":[{"embeddable":true,"href":"https:\/\/fullgroove-live.com\/index.php\/wp-json\/wp\/v2\/users\/1"}],"replies":[{"embeddable":true,"href":"https:\/\/fullgroove-live.com\/index.php\/wp-json\/wp\/v2\/comments?post=57"}],"version-history":[{"count":121,"href":"https:\/\/fullgroove-live.com\/index.php\/wp-json\/wp\/v2\/pages\/57\/revisions"}],"predecessor-version":[{"id":968,"href":"https:\/\/fullgroove-live.com\/index.php\/wp-json\/wp\/v2\/pages\/57\/revisions\/968"}],"wp:featuredmedia":[{"embeddable":true,"href":"https:\/\/fullgroove-live.com\/index.php\/wp-json\/wp\/v2\/media\/867"}],"wp:attachment":[{"href":"https:\/\/fullgroove-live.com\/index.php\/wp-json\/wp\/v2\/media?parent=57"}],"curies":[{"name":"wp","href":"https:\/\/api.w.org\/{rel}","templated":true}]}}